{"id":3472,"date":"2021-12-26T06:37:29","date_gmt":"2021-12-26T06:37:29","guid":{"rendered":"https:\/\/abogadoslaboralistas.com.co\/?page_id=3472"},"modified":"2022-01-30T19:59:48","modified_gmt":"2022-01-30T19:59:48","slug":"noticias","status":"publish","type":"page","link":"https:\/\/abogadoslaboralistas.com.co\/index.php\/noticias\/","title":{"rendered":"Noticias"},"content":{"rendered":"<p>[et_pb_section fb_built=\u00bb1&#8243; admin_label=\u00bbPage Title Section\u00bb _builder_version=\u00bb3.22&#8243; use_background_color_gradient=\u00bbon\u00bb background_color_gradient_start=\u00bb#313e47&#8243; background_color_gradient_end=\u00bbrgba(49,62,71,0.5)\u00bb background_color_gradient_overlays_image=\u00bbon\u00bb background_image=\u00bbhttps:\/\/abogadoslaboralistas.com.co\/wp-content\/uploads\/2021\/12\/law-firm-24.jpg\u00bb custom_padding=\u00bb120px||120px|\u00bb global_colors_info=\u00bb{}\u00bb][et_pb_row admin_label=\u00bbPage Title Area\u00bb _builder_version=\u00bb3.25&#8243; background_size=\u00bbinitial\u00bb background_position=\u00bbtop_left\u00bb background_repeat=\u00bbrepeat\u00bb global_colors_info=\u00bb{}\u00bb][et_pb_column type=\u00bb4_4&#8243; _builder_version=\u00bb3.25&#8243; custom_padding=\u00bb|||\u00bb global_colors_info=\u00bb{}\u00bb custom_padding__hover=\u00bb|||\u00bb][et_pb_text admin_label=\u00bbPage Title\u00bb _builder_version=\u00bb4.10.1&#8243; text_font=\u00bbColabLig||||||||\u00bb text_text_color=\u00bb#ffffff\u00bb text_font_size=\u00bb18px\u00bb text_line_height=\u00bb2em\u00bb header_font=\u00bbColabBold|600|||||||\u00bb header_font_size=\u00bb60px\u00bb header_line_height=\u00bb1.6em\u00bb text_orientation=\u00bbcenter\u00bb background_layout=\u00bbdark\u00bb max_width=\u00bb700px\u00bb module_alignment=\u00bbcenter\u00bb custom_margin=\u00bb||10px|\u00bb animation_style=\u00bbfade\u00bb hover_enabled=\u00bb0&#8243; header_font_size_tablet=\u00bb40px\u00bb header_font_size_phone=\u00bb\u00bb header_font_size_last_edited=\u00bbon|desktop\u00bb global_colors_info=\u00bb{}\u00bb sticky_enabled=\u00bb0&#8243;]<\/p>\n<h1>\u00a0Actulidad informativa.<\/h1>\n<p>Inf\u00f3rmate y mantente al d\u00eda con nuestras noticias de derecho laboral y m\u00e1s&#8230;.<\/p>\n<p>[\/et_pb_text][\/et_pb_column][\/et_pb_row][\/et_pb_section][et_pb_section fb_built=\u00bb1&#8243; admin_label=\u00bbLatest News Section\u00bb _builder_version=\u00bb4.10.1&#8243; background_color=\u00bb#f7f7f7&#8243; custom_padding=\u00bb110px||140px|\u00bb border_width_right=\u00bb8vw\u00bb border_color_right=\u00bb#bc9b69&#8243; global_colors_info=\u00bb{}\u00bb][et_pb_row admin_label=\u00bbLatest News Area\u00bb _builder_version=\u00bb3.25&#8243; max_width=\u00bb1280px\u00bb custom_padding=\u00bb20px||0px|\u00bb use_custom_width=\u00bbon\u00bb custom_width_px=\u00bb1280px\u00bb global_colors_info=\u00bb{}\u00bb][et_pb_column type=\u00bb4_4&#8243; _builder_version=\u00bb3.25&#8243; custom_padding=\u00bb|||\u00bb global_colors_info=\u00bb{}\u00bb custom_padding__hover=\u00bb|||\u00bb][et_pb_blog fullwidth=\u00bboff\u00bb posts_number=\u00bb9&#8243; include_categories=\u00bb70,65&#8243; show_more=\u00bbon\u00bb show_categories=\u00bboff\u00bb _builder_version=\u00bb4.10.1&#8243; header_font=\u00bbRoboto Slab||||||||\u00bb header_line_height=\u00bb1.5em\u00bb body_font=\u00bb||||||||\u00bb body_line_height=\u00bb2.4em\u00bb meta_font=\u00bb||||||||\u00bb meta_text_color=\u00bb#9a9a9a\u00bb pagination_font=\u00bb|700||on|||||\u00bb pagination_text_color=\u00bb#ffa40d\u00bb pagination_font_size=\u00bb16px\u00bb pagination_letter_spacing=\u00bb1px\u00bb animation_style=\u00bbfade\u00bb border_radii=\u00bbon|22px|22px|22px|22px\u00bb border_width_all=\u00bb0px\u00bb border_color_all=\u00bb#d8d8d8&#8243; border_style_all=\u00bbsolid\u00bb border_width_all_fullwidth=\u00bb1px\u00bb border_color_all_fullwidth=\u00bb#d8d8d8&#8243; border_style_all_fullwidth=\u00bbsolid\u00bb box_shadow_style=\u00bbpreset1&#8243; box_shadow_vertical=\u00bb15px\u00bb box_shadow_blur=\u00bb60px\u00bb box_shadow_color=\u00bbrgba(29,61,71,0.2)\u00bb use_border_color=\u00bbon\u00bb global_colors_info=\u00bb{}\u00bb][\/et_pb_blog][\/et_pb_column][\/et_pb_row][\/et_pb_section]<\/p>\n","protected":false},"excerpt":{"rendered":"<p>\u00a0Actulidad informativa. Inf\u00f3rmate y mantente al d\u00eda con nuestras noticias de derecho laboral y m\u00e1s&#8230;.<\/p>\n","protected":false},"author":1,"featured_media":0,"parent":0,"menu_order":0,"comment_status":"closed","ping_status":"closed","template":"","meta":{"_et_pb_use_builder":"on","_et_pb_old_content":"<!-- wp:divi\/placeholder \/-->","_et_gb_content_width":"","_joinchat":[]},"_links":{"self":[{"href":"https:\/\/abogadoslaboralistas.com.co\/index.php\/wp-json\/wp\/v2\/pages\/3472"}],"collection":[{"href":"https:\/\/abogadoslaboralistas.com.co\/index.php\/wp-json\/wp\/v2\/pages"}],"about":[{"href":"https:\/\/abogadoslaboralistas.com.co\/index.php\/wp-json\/wp\/v2\/types\/page"}],"author":[{"embeddable":true,"href":"https:\/\/abogadoslaboralistas.com.co\/index.php\/wp-json\/wp\/v2\/users\/1"}],"replies":[{"embeddable":true,"href":"https:\/\/abogadoslaboralistas.com.co\/index.php\/wp-json\/wp\/v2\/comments?post=3472"}],"version-history":[{"count":9,"href":"https:\/\/abogadoslaboralistas.com.co\/index.php\/wp-json\/wp\/v2\/pages\/3472\/revisions"}],"predecessor-version":[{"id":3703,"href":"https:\/\/abogadoslaboralistas.com.co\/index.php\/wp-json\/wp\/v2\/pages\/3472\/revisions\/3703"}],"wp:attachment":[{"href":"https:\/\/abogadoslaboralistas.com.co\/index.php\/wp-json\/wp\/v2\/media?parent=3472"}],"curies":[{"name":"wp","href":"https:\/\/api.w.org\/{rel}","templated":true}]}}